{"id":139,"date":"2014-10-18T13:08:56","date_gmt":"2014-10-18T12:08:56","guid":{"rendered":"http:\/\/novastra.ch\/?page_id=139"},"modified":"2015-02-17T19:48:16","modified_gmt":"2015-02-17T18:48:16","slug":"contact-3","status":"publish","type":"page","link":"http:\/\/novastra.ch\/?page_id=139","title":{"rendered":"Contact"},"content":{"rendered":"<div class=\"wpb_row  vc_row-fluid  mk-fullwidth-false add-padding-0 attched-false\">\n\t<div style=\"\" class=\"vc_span8 wpb_column column_container \">\n\t\t\t<div class=\"wpcf7\" id=\"wpcf7-f12-o1\" lang=\"fr-FR\" dir=\"ltr\">\n<div class=\"screen-reader-response\"><\/div>\n<form name=\"\" action=\"\/index.php?rest_route=%2Fwp%2Fv2%2Fpages%2F139#wpcf7-f12-o1\" method=\"post\" class=\"wpcf7-form\" novalidate=\"novalidate\">\n<div style=\"display: none;\">\n<input type=\"hidden\" name=\"_wpcf7\" value=\"12\" \/>\n<input type=\"hidden\" name=\"_wpcf7_version\" value=\"4.0.3\" \/>\n<input type=\"hidden\" name=\"_wpcf7_locale\" value=\"fr_FR\" \/>\n<input type=\"hidden\" name=\"_wpcf7_unit_tag\" value=\"wpcf7-f12-o1\" \/>\n<input type=\"hidden\" name=\"_wpnonce\" value=\"c903e620f2\" \/>\n<\/div>\n<p><!--:fr-->\n<p>Entreprise<br \/>\n    <span class=\"wpcf7-form-control-wrap entreprise\"><input type=\"text\" name=\"entreprise\" value=\"\" size=\"40\" class=\"wpcf7-form-control wpcf7-text\" aria-invalid=\"false\" \/><\/span> <\/p>\n<p>Nom (obligatoire)<br \/>\n    <span class=\"wpcf7-form-control-wrap nom\"><input type=\"text\" name=\"nom\" value=\"\" size=\"40\" class=\"wpcf7-form-control wpcf7-text wpcf7-validates-as-required\" aria-required=\"true\" aria-invalid=\"false\" \/><\/span> <\/p>\n<p>Pr\u00e9nom (obligatoire)<br \/>\n    <span class=\"wpcf7-form-control-wrap prenom\"><input type=\"text\" name=\"prenom\" value=\"\" size=\"40\" class=\"wpcf7-form-control wpcf7-text wpcf7-validates-as-required\" aria-required=\"true\" aria-invalid=\"false\" \/><\/span> <\/p>\n<p>Email (obligatoire)<br \/>\n    <span class=\"wpcf7-form-control-wrap email\"><input type=\"email\" name=\"email\" value=\"\" size=\"40\" class=\"wpcf7-form-control wpcf7-text wpcf7-email wpcf7-validates-as-required wpcf7-validates-as-email\" aria-required=\"true\" aria-invalid=\"false\" \/><\/span> <\/p>\n<p>T\u00e9l\u00e9phone<br \/>\n    <span class=\"wpcf7-form-control-wrap telephone\"><input type=\"tel\" name=\"telephone\" value=\"\" size=\"40\" class=\"wpcf7-form-control wpcf7-text wpcf7-tel wpcf7-validates-as-tel\" aria-invalid=\"false\" \/><\/span> <\/p>\n<p>Sujet<br \/>\n    <span class=\"wpcf7-form-control-wrap sujet\"><input type=\"text\" name=\"sujet\" value=\"\" size=\"40\" class=\"wpcf7-form-control wpcf7-text\" aria-invalid=\"false\" \/><\/span> <\/p>\n<p>Message<br \/>\n    <span class=\"wpcf7-form-control-wrap message\"><textarea name=\"message\" cols=\"40\" rows=\"10\" class=\"wpcf7-form-control wpcf7-textarea\" aria-invalid=\"false\"><\/textarea><\/span> <\/p>\n<p><input type=\"submit\" value=\"Envoyer\" class=\"wpcf7-form-control wpcf7-submit\" \/><\/p>\n<p><!--:--><\/p>\n<div class=\"wpcf7-response-output wpcf7-display-none\"><\/div><\/form><\/div>\n\t<\/div>\n\t<div style=\"\" class=\"vc_span4 wpb_column column_container \">\n\t\t\t\t<div id=\"mk-text-block-614\"  style=\" margin-bottom:0px;text-align: left;\" class=\"mk-text-block  \">\n<h5>Novastra S\u00e0rl<\/h5>\n<p>Chemin de la P\u00e2le 15<br \/>\n2824 Vicques (Suisse)<br \/>\n+41 (0)32 435 52 52<\/p>\n<p>Notre entreprise est active dans toute la Suisse.<div class=\"clearboth\"><\/div><\/div> <div class=\"mk-image-shortcode mk-shortcode   align-left simple-frame inside-image \" style=\"max-width: 652px; margin-bottom:50px\"><div class=\"mk-image-inner\"><img class=\"lightbox-false\" alt=\"\" title=\"\" src=\"http:\/\/novastra.ch\/wp-content\/uploads\/2014\/10\/Suisse.png\" \/><\/div><div class=\"clearboth\"><\/div><\/div><div class=\"mk-gmaps-parallax\" style=\"height:300px\"><div id=\"google-map-3608\" class=\"mk-advanced-gmaps\" data-top-center=\"margin-top:-200px\" data-bottom-center=\"margin-top:0px\" style=\"height:500px;width:100%;\" data-zoom=\"8\" data-pin-icon=\"\" data-latitude=\"47.347354\" data-longitude=\"7.416707\" data-address=\"\" data-latitude2=\"\" data-longitude2=\"\" data-address2=\"\" data-latitude3=\"\" data-longitude3=\"\" data-address3=\"\" data-pan-control=\"true\" data-zoom-control=\"true\" data-map-type-control=\"true\" data-scale-control=\"true\" data-draggable=\"true\" data-modify-coloring=\"true\" data-saturation=\"-100\" data-lightness=\"0\" data-hue=\"#efefef\"><\/div><\/div><script type=\"text\/javascript\" src=\"http:\/\/maps.google.com\/maps\/api\/js?sensor=false\"><\/script>\n\t<\/div><\/div><div class=\"wpb_row  vc_row-fluid  mk-fullwidth-false add-padding-0 attched-false\">\n\t<div style=\"\" class=\"vc_span8 wpb_column column_container \">\n\t\t\t\n\t<\/div>\n\t<div style=\"\" class=\"vc_span4 wpb_column column_container \">\n\t\t\t\n\t<\/div><\/div>\n","protected":false},"excerpt":{"rendered":"Entreprise Nom (obligatoire) Pr\u00e9nom (obligatoire) Email (obligatoire) T\u00e9l\u00e9phone Sujet Message Novastra S\u00e0rl Chemin de la P\u00e2le 15 2824 Vicques (Suisse) +41 (0)32 435 52 52 Notre entreprise est active dans [...]","protected":false},"author":1,"featured_media":0,"parent":0,"menu_order":5,"comment_status":"open","ping_status":"closed","template":"","meta":[],"_links":{"self":[{"href":"http:\/\/novastra.ch\/index.php?rest_route=\/wp\/v2\/pages\/139"}],"collection":[{"href":"http:\/\/novastra.ch\/index.php?rest_route=\/wp\/v2\/pages"}],"about":[{"href":"http:\/\/novastra.ch\/index.php?rest_route=\/wp\/v2\/types\/page"}],"author":[{"embeddable":true,"href":"http:\/\/novastra.ch\/index.php?rest_route=\/wp\/v2\/users\/1"}],"replies":[{"embeddable":true,"href":"http:\/\/novastra.ch\/index.php?rest_route=%2Fwp%2Fv2%2Fcomments&post=139"}],"version-history":[{"count":71,"href":"http:\/\/novastra.ch\/index.php?rest_route=\/wp\/v2\/pages\/139\/revisions"}],"predecessor-version":[{"id":464,"href":"http:\/\/novastra.ch\/index.php?rest_route=\/wp\/v2\/pages\/139\/revisions\/464"}],"wp:attachment":[{"href":"http:\/\/novastra.ch\/index.php?rest_route=%2Fwp%2Fv2%2Fmedia&parent=139"}],"curies":[{"name":"wp","href":"https:\/\/api.w.org\/{rel}","templated":true}]}}