{"id":85,"date":"2014-09-14T13:46:13","date_gmt":"2014-09-14T12:46:13","guid":{"rendered":"http:\/\/novastra.ch\/?page_id=85"},"modified":"2016-09-28T19:04:37","modified_gmt":"2016-09-28T18:04:37","slug":"accueil-2","status":"publish","type":"page","link":"http:\/\/novastra.ch\/","title":{"rendered":"Accueil"},"content":{"rendered":"<div class=\"wpb_row  vc_row-fluid  mk-fullwidth-false add-padding-0 attched-false\">\n\t<div style=\"\" class=\"vc_span12 wpb_column column_container \">\n\t\t\t\t<div id=\"mk-text-block-249\"  style=\"text-align: left;\" class=\"mk-text-block  \">\n<div class=\"clearboth\"><\/div><\/div> \n\t<\/div><\/div><div class=\"wpb_row  vc_row-fluid  mk-fullwidth-false add-padding-0 attched-false\">\n\t<div style=\"\" class=\"vc_span12 wpb_column column_container \">\n\t\t\t<div class=\"mk-image-shortcode mk-shortcode   align-left simple-frame inside-image \" style=\"max-width: 2600px; margin-bottom:10px\"><div class=\"mk-image-inner\"><img class=\"lightbox-false\" alt=\"\" title=\"\" src=\"http:\/\/novastra.ch\/wp-content\/uploads\/2016\/09\/Slogan_FR.png\" \/><\/div><div class=\"clearboth\"><\/div><\/div>\n\t<\/div><\/div><div class=\"wpb_row  vc_row-fluid  mk-fullwidth-false add-padding-0 attched-false\">\n\t<div style=\"\" class=\"vc_span4 wpb_column column_container \">\n\t\t\t<div id=\"box-icon-656\" style=\"margin-bottom:30px;\" class=\"   simple_minimal-style mk-box-icon\"><h4 style=\"font-size:16px;font-weight:bold;\"><i style=\"color:http:\/\/novastra.ch\/wp-content\/uploads\/2014\/10\/novastra_favicon.png\" class=\"mk-moon-checkmark-3 mk-main-ico\"><\/i>Efficacit\u00e9<\/h4>\n<p style=\"text-align: justify;\">Notre professionnalisme, notre \u00e9quipement ainsi que nos certifications vous garantissent le fonctionnement optimal de vos installations.<\/p>\n<\/div><style type=\"text\/css\"><\/style>\n\t<\/div>\n\t<div style=\"\" class=\"vc_span4 wpb_column column_container \">\n\t\t\t<div id=\"box-icon-916\" style=\"margin-bottom:30px;\" class=\"   simple_minimal-style mk-box-icon\"><h4 style=\"font-size:16px;font-weight:bold;\"><i style=\"color:http:\/\/novastra.ch\/wp-content\/uploads\/2014\/10\/novastra_favicon.png\" class=\"mk-moon-notebook mk-main-ico\"><\/i>Flexibilit\u00e9<\/h4>\n<p style=\"text-align: justify;\"><strong>Novastra s&rsquo;adapte \u00e0 vos besoins.<\/strong> Nous pouvons effectuer des travaux de jour comme de nuit ainsi que le week-end.<\/div><style type=\"text\/css\"><\/style>\n\t<\/div>\n\t<div style=\"\" class=\"vc_span4 wpb_column column_container \">\n\t\t\t<div id=\"box-icon-482\" style=\"margin-bottom:30px;\" class=\"   simple_minimal-style mk-box-icon\"><h4 style=\"font-size:16px;font-weight:bold;\"><i style=\"color:http:\/\/novastra.ch\/wp-content\/uploads\/2014\/10\/novastra_favicon.png\" class=\"mk-moon-leaf mk-main-ico\"><\/i>Environnement<\/h4>\n<p style=\"text-align: justify;\">Gr\u00e2ce \u00e0 nos interventions, la consommation d&rsquo;\u00e9nergie de vos installations diminue, r\u00e9duisant ainsi votre impact environnemental tout en \u00e9conomisant.<\/p>\n<\/div><style type=\"text\/css\"><\/style>\n\t<\/div><\/div><div class=\"wpb_row  vc_row-fluid  mk-fullwidth-false add-padding-0 attched-false\">\n\t<div style=\"\" class=\"vc_span12 wpb_column column_container \">\n\t\t\t\t<div id=\"mk-text-block-856\"  style=\"text-align: left;\" class=\"mk-text-block  \">\n<div class=\"clearboth\"><\/div><\/div> \n\t<\/div><\/div>\n","protected":false},"excerpt":{"rendered":"Efficacit\u00e9 Notre professionnalisme, notre \u00e9quipement ainsi que nos certifications vous garantissent le fonctionnement optimal de vos installations. Flexibilit\u00e9 Novastra s'adapte \u00e0 vos besoins. Nous pouvons effectuer des travaux de jour [...]","protected":false},"author":1,"featured_media":0,"parent":0,"menu_order":0,"comment_status":"open","ping_status":"closed","template":"","meta":[],"_links":{"self":[{"href":"http:\/\/novastra.ch\/index.php?rest_route=\/wp\/v2\/pages\/85"}],"collection":[{"href":"http:\/\/novastra.ch\/index.php?rest_route=\/wp\/v2\/pages"}],"about":[{"href":"http:\/\/novastra.ch\/index.php?rest_route=\/wp\/v2\/types\/page"}],"author":[{"embeddable":true,"href":"http:\/\/novastra.ch\/index.php?rest_route=\/wp\/v2\/users\/1"}],"replies":[{"embeddable":true,"href":"http:\/\/novastra.ch\/index.php?rest_route=%2Fwp%2Fv2%2Fcomments&post=85"}],"version-history":[{"count":43,"href":"http:\/\/novastra.ch\/index.php?rest_route=\/wp\/v2\/pages\/85\/revisions"}],"predecessor-version":[{"id":647,"href":"http:\/\/novastra.ch\/index.php?rest_route=\/wp\/v2\/pages\/85\/revisions\/647"}],"wp:attachment":[{"href":"http:\/\/novastra.ch\/index.php?rest_route=%2Fwp%2Fv2%2Fmedia&parent=85"}],"curies":[{"name":"wp","href":"https:\/\/api.w.org\/{rel}","templated":true}]}}